{"id":15199,"date":"2021-08-17T08:09:31","date_gmt":"2021-08-17T08:09:31","guid":{"rendered":"https:\/\/ikokai.com.mx\/about-us\/"},"modified":"2026-03-30T18:15:58","modified_gmt":"2026-03-30T18:15:58","slug":"about-us","status":"publish","type":"page","link":"https:\/\/ikokai.com.mx\/en\/about-us\/","title":{"rendered":"About us"},"content":{"rendered":"\t\t<div data-elementor-type=\"wp-page\" data-elementor-id=\"15199\" class=\"elementor elementor-15199 elementor-10397\">\n\t\t\t\t<div class=\"elementor-element elementor-element-8a8c06e e-flex e-con-boxed e-con e-parent\" data-id=\"8a8c06e\" data-element_type=\"container\" data-e-type=\"container\">\n\t\t\t\t\t<div class=\"e-con-inner\">\n\t\t<div class=\"elementor-element elementor-element-ced4f74 e-con-full e-flex e-con e-child\" data-id=\"ced4f74\" data-element_type=\"container\" data-e-type=\"container\">\n\t\t<div class=\"elementor-element elementor-element-53cd36d e-con-full e-flex e-con e-child\" data-id=\"53cd36d\" data-element_type=\"container\" data-e-type=\"container\">\n\t\t\t\t<div data-custom-animations=\"true\" data-ca-options=\"{&quot;addChildTimelines&quot;:false,&quot;trigger&quot;:&quot;firstChild&quot;,&quot;animationTarget&quot;:&quot;.lqd-split-lines .lqd-lines .split-inner, .lqd-adv-txt-fig&quot;,&quot;duration&quot;:1800,&quot;delay&quot;:180,&quot;ease&quot;:[&quot;power4.out&quot;],&quot;initValues&quot;:{&quot;y&quot;:&quot;50px&quot;,&quot;opacity&quot;:0,&quot;transformOrigin&quot;:&quot;50% 50% 0px&quot;},&quot;animations&quot;:{&quot;y&quot;:&quot;0px&quot;,&quot;opacity&quot;:1,&quot;transformOrigin&quot;:&quot;50% 50% 0px&quot;}}\" class=\"elementor-element elementor-element-269d752 elementor-widget elementor-widget-hub_fancy_heading lqd-el-has-inner-anim\" data-id=\"269d752\" data-element_type=\"widget\" data-e-type=\"widget\" data-settings=\"{&quot;enable_split&quot;:&quot;true&quot;,&quot;split_type&quot;:&quot;lines&quot;}\" data-widget_type=\"hub_fancy_heading.default\">\n\t\t\t\t<div class=\"elementor-widget-container\">\n\t\t\t\t\t\n\t\t<div id=\"ld-fancy-heading-69de8c6e36e6f\" class=\"ld-fancy-heading pos-rel\">\n\t\t\t<p class=\"ld-fh-element d-inline-block pos-rel  lqd-highlight-classic lqd-highlight-grow-left lqd-split-lines p\"  data-split-text=\"true\" data-split-options='{\"type\":\"lines\"}'> We are IKOKAI<\/p>\t\t<\/div>\n\n\t\t\t\t\t\t<\/div>\n\t\t\t\t<\/div>\n\t\t\t\t<div data-custom-animations=\"true\" data-ca-options=\"{&quot;addChildTimelines&quot;:false,&quot;trigger&quot;:&quot;firstChild&quot;,&quot;animationTarget&quot;:&quot;:scope &gt; .elementor-widget-container&quot;,&quot;duration&quot;:1800,&quot;delay&quot;:180,&quot;ease&quot;:[&quot;power4.out&quot;],&quot;initValues&quot;:{&quot;y&quot;:&quot;50px&quot;,&quot;opacity&quot;:0,&quot;transformOrigin&quot;:&quot;50% 50% 0px&quot;},&quot;animations&quot;:{&quot;y&quot;:&quot;0px&quot;,&quot;opacity&quot;:1,&quot;transformOrigin&quot;:&quot;50% 50% 0px&quot;}}\" class=\"elementor-element elementor-element-80c19ce elementor-widget__width-initial elementor-widget elementor-widget-hub_fancy_heading\" data-id=\"80c19ce\" data-element_type=\"widget\" data-e-type=\"widget\" data-widget_type=\"hub_fancy_heading.default\">\n\t\t\t\t<div class=\"elementor-widget-container\">\n\t\t\t\t\t\n\t\t<div id=\"ld-fancy-heading-69de8c6e37ad4\" class=\"ld-fancy-heading pos-rel\">\n\t\t\t<h2 class=\"ld-fh-element d-inline-block pos-rel  elementor-heading-title lqd-highlight-classic lqd-highlight-grow-left h2\"  > This brand comes from a very personal search of my own path. After years of traveling and living away from what I used to call \u201chome,\u201d I found it again. Not in a place, but in self-love and in the people I love most. I realized I feel at home whenever I can fully be myself, without holding back my creativity, and still feel deeply loved for exactly who I am.  <p><br> During this whole transformation era, I found my most playful side through creating my own accessories. I stepped away from what felt \u201csafe\u201d and started exploring color, shape, and pieces that I now see as true statements. Me alej\u00e9 de lo que se consideraba \u201cseguro\u201d para explorar colores, formas y piezas que hoy defino como verdaderos statements.<\/h2>\t\t<\/div>\n\n\t\t\t\t\t\t<\/div>\n\t\t\t\t<\/div>\n\t\t\t\t<\/div>\n\t\t\t\t<\/div>\n\t\t<div class=\"elementor-element elementor-element-8d4410b e-con-full e-flex e-con e-child\" data-id=\"8d4410b\" data-element_type=\"container\" data-e-type=\"container\">\n\t\t\t\t<div class=\"elementor-element elementor-element-6489f05 elementor-widget-tablet__width-initial elementor-widget__width-initial elementor-widget elementor-widget-ld_fancy_image\" data-id=\"6489f05\" data-element_type=\"widget\" data-e-type=\"widget\" data-widget_type=\"ld_fancy_image.default\">\n\t\t\t\t<div class=\"elementor-widget-container\">\n\t\t\t\t\t\n\t\t<div class=\"lqd-imggrp-single d-block pos-rel perspective\" data-shadow-style=\"custom\" data-hover3d=\"true\">\n\t\t\t<div class=\"lqd-imggrp-img-container d-inline-flex pos-rel align-items-center justify-content-center transform-style-3d\">\n\t\t\t\t\t\t\t\t<figure class=\"w-100 pos-rel\" data-stacking-factor=\"1\">\n\t\t\t\t\t<img decoding=\"async\" data-src=\"https:\/\/ikokai.com.mx\/wp-content\/uploads\/2026\/01\/Diseno-sin-titulo-20.jpg\" title=\"Disen\u0303o sin ti\u0301tulo (20)\" alt=\"Disen\u0303o sin ti\u0301tulo (20)\" src=\"data:image\/svg+xml;base64,PHN2ZyB3aWR0aD0iMSIgaGVpZ2h0PSIxIiB4bWxucz0iaHR0cDovL3d3dy53My5vcmcvMjAwMC9zdmciPjwvc3ZnPg==\" class=\"lazyload\" style=\"--smush-placeholder-width: 1536px; --smush-placeholder-aspect-ratio: 1536\/2048;\" \/>\t\t\t\t\t\t\t\t\t\t\t\t\t\t\t\t\t\t\t\t\t\t\t\t\t\t\t\t\t<\/figure>\n\t\t\t<\/div>\n\t\t<\/div>\n\n\t\t\t\t\t<\/div>\n\t\t\t\t<\/div>\n\t\t\t\t<\/div>\n\t\t\t\t\t<\/div>\n\t\t\t\t<\/div>\n\t\t<div class=\"elementor-element elementor-element-6459ee0 e-flex e-con-boxed e-con e-parent\" data-id=\"6459ee0\" data-element_type=\"container\" data-e-type=\"container\">\n\t\t\t\t\t<div class=\"e-con-inner\">\n\t\t<div class=\"elementor-element elementor-element-2e38575 e-con-full e-flex e-con e-child\" data-id=\"2e38575\" data-element_type=\"container\" data-e-type=\"container\">\n\t\t\t\t<div class=\"elementor-element elementor-element-1a08c65 elementor-widget-tablet__width-initial elementor-widget elementor-widget-image\" data-id=\"1a08c65\" data-element_type=\"widget\" data-e-type=\"widget\" data-widget_type=\"image.default\">\n\t\t\t\t<div class=\"elementor-widget-container\">\n\t\t\t\t\t\t\t\t\t\t\t\t\t\t\t<img fetchpriority=\"high\" decoding=\"async\" width=\"600\" height=\"343\" src=\"https:\/\/ikokai.com.mx\/wp-content\/uploads\/2026\/02\/Diseno-sin-titulo-1-600x343.png\" class=\"attachment-woocommerce_single size-woocommerce_single wp-image-15198\" alt=\"\" srcset=\"https:\/\/ikokai.com.mx\/wp-content\/uploads\/2026\/02\/Diseno-sin-titulo-1-600x343.png 600w, https:\/\/ikokai.com.mx\/wp-content\/uploads\/2026\/02\/Diseno-sin-titulo-1-300x172.png 300w, https:\/\/ikokai.com.mx\/wp-content\/uploads\/2026\/02\/Diseno-sin-titulo-1.png 927w\" sizes=\"(max-width: 600px) 100vw, 600px\" \/>\t\t\t\t\t\t\t\t\t\t\t\t\t\t\t<\/div>\n\t\t\t\t<\/div>\n\t\t\t\t<\/div>\n\t\t<div class=\"elementor-element elementor-element-7cee5d9 e-con-full e-flex e-con e-child\" data-id=\"7cee5d9\" data-element_type=\"container\" data-e-type=\"container\">\n\t\t<div class=\"elementor-element elementor-element-44dd9e5 e-con-full e-flex e-con e-child\" data-id=\"44dd9e5\" data-element_type=\"container\" data-e-type=\"container\">\n\t\t\t\t<div data-custom-animations=\"true\" data-ca-options=\"{&quot;addChildTimelines&quot;:false,&quot;trigger&quot;:&quot;firstChild&quot;,&quot;animationTarget&quot;:&quot;.lqd-split-lines .lqd-lines .split-inner, .lqd-adv-txt-fig&quot;,&quot;duration&quot;:1800,&quot;delay&quot;:180,&quot;ease&quot;:[&quot;power4.out&quot;],&quot;initValues&quot;:{&quot;y&quot;:&quot;50px&quot;,&quot;opacity&quot;:0,&quot;transformOrigin&quot;:&quot;50% 50% 0px&quot;},&quot;animations&quot;:{&quot;y&quot;:&quot;0px&quot;,&quot;opacity&quot;:1,&quot;transformOrigin&quot;:&quot;50% 50% 0px&quot;}}\" class=\"elementor-element elementor-element-603b465 elementor-widget elementor-widget-hub_fancy_heading lqd-el-has-inner-anim\" data-id=\"603b465\" data-element_type=\"widget\" data-e-type=\"widget\" data-settings=\"{&quot;enable_split&quot;:&quot;true&quot;,&quot;split_type&quot;:&quot;lines&quot;}\" data-widget_type=\"hub_fancy_heading.default\">\n\t\t\t\t<div class=\"elementor-widget-container\">\n\t\t\t\t\t\n\t\t<div id=\"ld-fancy-heading-69de8c6e3981e\" class=\"ld-fancy-heading pos-rel\">\n\t\t\t<p class=\"ld-fh-element d-inline-block pos-rel  lqd-highlight-classic lqd-highlight-grow-left lqd-split-lines p\"  data-split-text=\"true\" data-split-options='{\"type\":\"lines\"}'> What does IKOKAI mean?<\/p>\t\t<\/div>\n\n\t\t\t\t\t\t<\/div>\n\t\t\t\t<\/div>\n\t\t\t\t<div data-custom-animations=\"true\" data-ca-options=\"{&quot;addChildTimelines&quot;:false,&quot;trigger&quot;:&quot;firstChild&quot;,&quot;animationTarget&quot;:&quot;:scope &gt; .elementor-widget-container&quot;,&quot;duration&quot;:1800,&quot;delay&quot;:180,&quot;ease&quot;:[&quot;power4.out&quot;],&quot;initValues&quot;:{&quot;y&quot;:&quot;50px&quot;,&quot;opacity&quot;:0,&quot;transformOrigin&quot;:&quot;50% 50% 0px&quot;},&quot;animations&quot;:{&quot;y&quot;:&quot;0px&quot;,&quot;opacity&quot;:1,&quot;transformOrigin&quot;:&quot;50% 50% 0px&quot;}}\" class=\"elementor-element elementor-element-3472684 elementor-widget__width-initial elementor-widget elementor-widget-hub_fancy_heading\" data-id=\"3472684\" data-element_type=\"widget\" data-e-type=\"widget\" data-widget_type=\"hub_fancy_heading.default\">\n\t\t\t\t<div class=\"elementor-widget-container\">\n\t\t\t\t\t\n\t\t<div id=\"ld-fancy-heading-69de8c6e3a35e\" class=\"ld-fancy-heading pos-rel\">\n\t\t\t<h2 class=\"ld-fh-element d-inline-block pos-rel  elementor-heading-title lqd-highlight-classic lqd-highlight-grow-left h2\"  > Honestly, I don\u2019t fully know. IKOKAI is a word my son made up when he was really little, and I\u2019ve always felt it meant loving without limits, in a bold and almost wild way. It\u2019s so original, so him, that it made me realize that\u2019s exactly what authenticity is. Something that doesn\u2019t try to fit in, it simply exists. Tan original, tan suyo que me hizo entender que ah\u00ed estaba la definici\u00f3n perfecta de lo aut\u00e9ntico: algo que no intenta encajar, simplemente existe.  Tan original, tan suyo que me hizo entender que ah\u00ed estaba la definici\u00f3n perfecta de lo aut\u00e9ntico: algo que no intenta encajar, simplemente existe. <br><br>\nIKOKAI is him, it\u2019s me, and it\u2019s a language for anyone who isn\u2019t afraid to create their own rules.\n<\/h2>\t\t<\/div>\n\n\t\t\t\t\t\t<\/div>\n\t\t\t\t<\/div>\n\t\t\t\t<\/div>\n\t\t\t\t<\/div>\n\t\t\t\t\t<\/div>\n\t\t\t\t<\/div>\n\t\t\t\t<\/div>\n\t\t","protected":false},"excerpt":{"rendered":"<p>We are IKOKAI This brand comes from a very personal search of my own path. After years of traveling and living away from what I used to call \u201chome,\u201d I found it again. Not in a place, but in self-love and in the people I love most. I realized I feel at home whenever I [&hellip;]<\/p>\n","protected":false},"author":1,"featured_media":0,"parent":0,"menu_order":0,"comment_status":"closed","ping_status":"closed","template":"","meta":{"footnotes":""},"class_list":["post-15199","page","type-page","status-publish","hentry"],"yoast_head":"<!-- This site is optimized with the Yoast SEO plugin v26.7 - https:\/\/yoast.com\/wordpress\/plugins\/seo\/ -->\n<title>About us - IKOKAI<\/title>\n<meta name=\"robots\" content=\"index, follow, max-snippet:-1, max-image-preview:large, max-video-preview:-1\" \/>\n<link rel=\"canonical\" href=\"https:\/\/ikokai.com.mx\/en\/about-us\/\" \/>\n<meta property=\"og:locale\" content=\"en_US\" \/>\n<meta property=\"og:type\" content=\"article\" \/>\n<meta property=\"og:title\" content=\"About us - IKOKAI\" \/>\n<meta property=\"og:description\" content=\"We are IKOKAI This brand comes from a very personal search of my own path. After years of traveling and living away from what I used to call \u201chome,\u201d I found it again. Not in a place, but in self-love and in the people I love most. I realized I feel at home whenever I [&hellip;]\" \/>\n<meta property=\"og:url\" content=\"https:\/\/ikokai.com.mx\/en\/about-us\/\" \/>\n<meta property=\"og:site_name\" content=\"IKOKAI\" \/>\n<meta property=\"article:modified_time\" content=\"2026-03-30T18:15:58+00:00\" \/>\n<meta property=\"og:image\" content=\"https:\/\/ikokai.com.mx\/wp-content\/uploads\/2026\/01\/Diseno-sin-titulo-20.jpg\" \/>\n<meta name=\"twitter:card\" content=\"summary_large_image\" \/>\n<meta name=\"twitter:label1\" content=\"Est. reading time\" \/>\n\t<meta name=\"twitter:data1\" content=\"2 minutes\" \/>\n<script type=\"application\/ld+json\" class=\"yoast-schema-graph\">{\"@context\":\"https:\/\/schema.org\",\"@graph\":[{\"@type\":\"WebPage\",\"@id\":\"https:\/\/ikokai.com.mx\/en\/about-us\/\",\"url\":\"https:\/\/ikokai.com.mx\/en\/about-us\/\",\"name\":\"About us - IKOKAI\",\"isPartOf\":{\"@id\":\"https:\/\/ikokai.com.mx\/#website\"},\"primaryImageOfPage\":{\"@id\":\"https:\/\/ikokai.com.mx\/en\/about-us\/#primaryimage\"},\"image\":{\"@id\":\"https:\/\/ikokai.com.mx\/en\/about-us\/#primaryimage\"},\"thumbnailUrl\":\"https:\/\/ikokai.com.mx\/wp-content\/uploads\/2026\/01\/Diseno-sin-titulo-20.jpg\",\"datePublished\":\"2021-08-17T08:09:31+00:00\",\"dateModified\":\"2026-03-30T18:15:58+00:00\",\"breadcrumb\":{\"@id\":\"https:\/\/ikokai.com.mx\/en\/about-us\/#breadcrumb\"},\"inLanguage\":\"en-US\",\"potentialAction\":[{\"@type\":\"ReadAction\",\"target\":[\"https:\/\/ikokai.com.mx\/en\/about-us\/\"]}]},{\"@type\":\"ImageObject\",\"inLanguage\":\"en-US\",\"@id\":\"https:\/\/ikokai.com.mx\/en\/about-us\/#primaryimage\",\"url\":\"https:\/\/ikokai.com.mx\/wp-content\/uploads\/2026\/01\/Diseno-sin-titulo-20.jpg\",\"contentUrl\":\"https:\/\/ikokai.com.mx\/wp-content\/uploads\/2026\/01\/Diseno-sin-titulo-20.jpg\"},{\"@type\":\"BreadcrumbList\",\"@id\":\"https:\/\/ikokai.com.mx\/en\/about-us\/#breadcrumb\",\"itemListElement\":[{\"@type\":\"ListItem\",\"position\":1,\"name\":\"Portada\",\"item\":\"https:\/\/ikokai.com.mx\/en\/ikokai-2\/\"},{\"@type\":\"ListItem\",\"position\":2,\"name\":\"About us\"}]},{\"@type\":\"WebSite\",\"@id\":\"https:\/\/ikokai.com.mx\/#website\",\"url\":\"https:\/\/ikokai.com.mx\/\",\"name\":\"IKOKAI\",\"description\":\"Mexican jewerly brand\",\"potentialAction\":[{\"@type\":\"SearchAction\",\"target\":{\"@type\":\"EntryPoint\",\"urlTemplate\":\"https:\/\/ikokai.com.mx\/?s={search_term_string}\"},\"query-input\":{\"@type\":\"PropertyValueSpecification\",\"valueRequired\":true,\"valueName\":\"search_term_string\"}}],\"inLanguage\":\"en-US\"}]}<\/script>\n<!-- \/ Yoast SEO plugin. -->","yoast_head_json":{"title":"About us - IKOKAI","robots":{"index":"index","follow":"follow","max-snippet":"max-snippet:-1","max-image-preview":"max-image-preview:large","max-video-preview":"max-video-preview:-1"},"canonical":"https:\/\/ikokai.com.mx\/en\/about-us\/","og_locale":"en_US","og_type":"article","og_title":"About us - IKOKAI","og_description":"We are IKOKAI This brand comes from a very personal search of my own path. After years of traveling and living away from what I used to call \u201chome,\u201d I found it again. Not in a place, but in self-love and in the people I love most. I realized I feel at home whenever I [&hellip;]","og_url":"https:\/\/ikokai.com.mx\/en\/about-us\/","og_site_name":"IKOKAI","article_modified_time":"2026-03-30T18:15:58+00:00","og_image":[{"url":"https:\/\/ikokai.com.mx\/wp-content\/uploads\/2026\/01\/Diseno-sin-titulo-20.jpg","type":"","width":"","height":""}],"twitter_card":"summary_large_image","twitter_misc":{"Est. reading time":"2 minutes"},"schema":{"@context":"https:\/\/schema.org","@graph":[{"@type":"WebPage","@id":"https:\/\/ikokai.com.mx\/en\/about-us\/","url":"https:\/\/ikokai.com.mx\/en\/about-us\/","name":"About us - IKOKAI","isPartOf":{"@id":"https:\/\/ikokai.com.mx\/#website"},"primaryImageOfPage":{"@id":"https:\/\/ikokai.com.mx\/en\/about-us\/#primaryimage"},"image":{"@id":"https:\/\/ikokai.com.mx\/en\/about-us\/#primaryimage"},"thumbnailUrl":"https:\/\/ikokai.com.mx\/wp-content\/uploads\/2026\/01\/Diseno-sin-titulo-20.jpg","datePublished":"2021-08-17T08:09:31+00:00","dateModified":"2026-03-30T18:15:58+00:00","breadcrumb":{"@id":"https:\/\/ikokai.com.mx\/en\/about-us\/#breadcrumb"},"inLanguage":"en-US","potentialAction":[{"@type":"ReadAction","target":["https:\/\/ikokai.com.mx\/en\/about-us\/"]}]},{"@type":"ImageObject","inLanguage":"en-US","@id":"https:\/\/ikokai.com.mx\/en\/about-us\/#primaryimage","url":"https:\/\/ikokai.com.mx\/wp-content\/uploads\/2026\/01\/Diseno-sin-titulo-20.jpg","contentUrl":"https:\/\/ikokai.com.mx\/wp-content\/uploads\/2026\/01\/Diseno-sin-titulo-20.jpg"},{"@type":"BreadcrumbList","@id":"https:\/\/ikokai.com.mx\/en\/about-us\/#breadcrumb","itemListElement":[{"@type":"ListItem","position":1,"name":"Portada","item":"https:\/\/ikokai.com.mx\/en\/ikokai-2\/"},{"@type":"ListItem","position":2,"name":"About us"}]},{"@type":"WebSite","@id":"https:\/\/ikokai.com.mx\/#website","url":"https:\/\/ikokai.com.mx\/","name":"IKOKAI","description":"Mexican jewerly brand","potentialAction":[{"@type":"SearchAction","target":{"@type":"EntryPoint","urlTemplate":"https:\/\/ikokai.com.mx\/?s={search_term_string}"},"query-input":{"@type":"PropertyValueSpecification","valueRequired":true,"valueName":"search_term_string"}}],"inLanguage":"en-US"}]}},"_hostinger_reach_plugin_has_subscription_block":false,"_hostinger_reach_plugin_is_elementor":false,"_links":{"self":[{"href":"https:\/\/ikokai.com.mx\/en\/wp-json\/wp\/v2\/pages\/15199","targetHints":{"allow":["GET"]}}],"collection":[{"href":"https:\/\/ikokai.com.mx\/en\/wp-json\/wp\/v2\/pages"}],"about":[{"href":"https:\/\/ikokai.com.mx\/en\/wp-json\/wp\/v2\/types\/page"}],"author":[{"embeddable":true,"href":"https:\/\/ikokai.com.mx\/en\/wp-json\/wp\/v2\/users\/1"}],"replies":[{"embeddable":true,"href":"https:\/\/ikokai.com.mx\/en\/wp-json\/wp\/v2\/comments?post=15199"}],"version-history":[{"count":7,"href":"https:\/\/ikokai.com.mx\/en\/wp-json\/wp\/v2\/pages\/15199\/revisions"}],"predecessor-version":[{"id":15654,"href":"https:\/\/ikokai.com.mx\/en\/wp-json\/wp\/v2\/pages\/15199\/revisions\/15654"}],"wp:attachment":[{"href":"https:\/\/ikokai.com.mx\/en\/wp-json\/wp\/v2\/media?parent=15199"}],"curies":[{"name":"wp","href":"https:\/\/api.w.org\/{rel}","templated":true}]}}